{"id":262,"date":"2019-05-29T13:10:19","date_gmt":"2019-05-29T11:10:19","guid":{"rendered":"https:\/\/collectin.at\/?page_id=262"},"modified":"2019-05-29T13:11:28","modified_gmt":"2019-05-29T11:11:28","slug":"datenschutz","status":"publish","type":"page","link":"https:\/\/collectin.at\/en\/datenschutz\/","title":{"rendered":"Datenschutz"},"content":{"rendered":"\n<p>Vielen Dank f\u00fcr dein Interesse am Thema Datenschutz. Als Schreiberin dieses Blogs nehmen ich, Collectin \u2013 Christina Breitegger, den Schutz deiner Daten \u00e4u\u00dferst ernst. Nachfolgend m\u00f6chten ich dich dar\u00fcber informieren, was mit deinen personenbezogenen Daten passiert, wenn du meinen Blog besuchst. Personenbezogene Daten sind alle Daten, mit denen du pers\u00f6nlich identifiziert werden kannst. In unserer Datenschutzerkl\u00e4rung findest du ausf\u00fchrliche Informationen zu diesem Thema.<\/p>\n\n\n\n<h3 class=\"wp-block-heading\">1. Datenschutz im \u00dcberblick<\/h3>\n\n\n\n<h5 class=\"wp-block-heading\">Datenerfassung auf meinem Blog<\/h5>\n\n\n\n<p>Wer ist verantwortlich f\u00fcr die Datenerfassung auf diesem Blog?<\/p>\n\n\n\n<p>Die Datenverarbeitung auf dieser Website erfolgt durch mich Christina Breitegger. Meine Kontaktdaten findest du im Impressum meines Blogs.<\/p>\n\n\n\n<h5 class=\"wp-block-heading\">Wie erfassen ich deine Daten?<\/h5>\n\n\n\n<p>Deine Daten werden zum einen dadurch erhoben, dass du sie mir mitteilst. Hierzu z\u00e4hlen z.B. Daten, die du in mein Kontaktformular eingibst oder wenn du einen Newsletter abonnierst.<\/p>\n\n\n\n<p>Andererseits werden bestimmte Daten automatisch beim Besuch der Website durch IT-Systeme erfasst. Dies sind vor allem technische Daten (z.B. Internetbrowser, Betriebssystem oder Uhrzeit des Seitenaufrufs). Die Erfassung dieser Daten erfolgt automatisch, sobald du meinen Blog besuchst.<\/p>\n\n\n\n<h5 class=\"wp-block-heading\">Wof\u00fcr nutzen wir deine Daten?<\/h5>\n\n\n\n<p>Ein Teil der Daten wird erhoben, um eine fehlerfreie Bereitstellung und Darstellung meines Blogs zu erm\u00f6glichen. Andere Daten verwende ich zur Analyse des Nutzerverhaltens, damit ich meinen Blog f\u00fcr dich laufend besser machen kann.<\/p>\n\n\n\n<h4 class=\"wp-block-heading\">Welche Rechte hast du bez\u00fcglich deiner Daten?<\/h4>\n\n\n\n<p>Du hast jederzeit das Recht, unentgeltlich Auskunft \u00fcber Herkunft, Empf\u00e4nger und Zweck deiner gespeicherten personenbezogenen Daten zu erhalten. Du hast au\u00dferdem das Recht, die Berichtigung, Sperrung oder L\u00f6schung dieser Daten zu verlangen. Bitte kontaktiere mich in diesem Fall. Weiters steht dir ein Beschwerderecht bei der zust\u00e4ndigen Aufsichtsbeh\u00f6rde zu. <\/p>\n\n\n\n<h5 class=\"wp-block-heading\">Analysetools und Tools von Drittanbietern<\/h5>\n\n\n\n<p>Beim Besuch meines Blogs kann dein Surf-Verhalten statistisch ausgewertet werden. Das geschieht vor allem mithilfe von Cookies und sogenannten Analyseprogrammen (Google Analytics). Die Analyse deines Nutzerverhaltens erfolgt in der Regel anonym. Dein Nutzerverhalten kann nicht zu dir zur\u00fcckverfolgt werden. <\/p>\n\n\n\n<h3 class=\"wp-block-heading\">2. Allgemeine Hinweise und Pflichtinformationen<\/h3>\n\n\n\n<h4 class=\"wp-block-heading\">Datenschutz<\/h4>\n\n\n\n<p>Ich nehme den Schutz deiner pers\u00f6nlichen Daten sehr ernst. Daher behandele ich deine personenbezogenen Daten vertraulich und entsprechend der gesetzlichen Datenschutzvorschriften sowie dieser Datenschutzerkl\u00e4rung.<\/p>\n\n\n\n<p>Wenn du auf meinem Blog bist, werden verschiedene personenbezogene Daten erhoben. Unter personenbezogene Daten versteht man Daten, mit denen du pers\u00f6nlich identifiziert werden kannst. In dieser Datenschutzerkl\u00e4rung informiere ich dich, welche Daten ich erhebe und wof\u00fcr ich sie nutze. Au\u00dferdem legt die Erkl\u00e4rung offen, wie und zu welchem Zweck das geschieht.<\/p>\n\n\n\n<p>Ich m\u00f6chten dich darauf hinweisen, dass die Daten\u00fcbertragung im Internet (z.B. bei der Kommunikation via E-Mail) Sicherheitsl\u00fccken aufweisen kann. Ein l\u00fcckenloser Schutz der Daten vor dem Zugriff durch Dritte ist nicht m\u00f6glich.<\/p>\n\n\n\n<h5 class=\"wp-block-heading\">Verantwortliche Stelle<\/h5>\n\n\n\n<p>Die verantwortliche Stelle f\u00fcr die Datenverarbeitung auf dieser Website ist:<\/p>\n\n\n\n<p>Christina Breitegger<br>1600 Wien<\/p>\n\n\n\n<p>E-Mail: siehe Kontaktformular<\/p>\n\n\n\n<p>Eine verantwortliche Stelle ist jene Person, die allein oder gemeinsam mit anderen \u00fcber die Zwecke und Mittel der Verarbeitung von personenbezogenen Daten (z.B. Namen, E-Mail-Adressen o. \u00c4.) entscheidet.<\/p>\n\n\n\n<h5 class=\"wp-block-heading\">Widerruf deiner Einwilligung zur Datenverarbeitung<\/h5>\n\n\n\n<p>Viele Datenverarbeitungsvorg\u00e4nge sind nur mit deiner ausdr\u00fccklichen Einwilligung m\u00f6glich. Du kannst eine bereits erteilte Einwilligung jederzeit widerrufen. Dazu reicht eine formlose Mitteilung per E-Mail an uns. Die Rechtm\u00e4\u00dfigkeit der bis zum Widerruf erfolgten Datenverarbeitung bleibt vom Widerruf unber\u00fchrt.<\/p>\n\n\n\n<h5 class=\"wp-block-heading\">Beschwerderecht bei der zust\u00e4ndigen Aufsichtsbeh\u00f6rde<\/h5>\n\n\n\n<p>Im Falle eines datenschutzrechtlichen Versto\u00dfes steht dir ein Beschwerderecht bei der zust\u00e4ndigen Aufsichtsbeh\u00f6rde zu. Die Zust\u00e4ndige Aufsichtsbeh\u00f6rde in datenschutzrechtlichen Fragen ist die Datenschutzbeh\u00f6rde der Republik \u00d6sterreich.<\/p>\n\n\n\n<h5 class=\"wp-block-heading\">Recht auf Daten\u00fcbertragbarkeit<\/h5>\n\n\n\n<p>Du hast das Recht, Daten, die wir auf Grundlage deiner Einwilligung oder in Erf\u00fcllung eines Vertrags automatisiert verarbeiten, an dich oder an einen Dritten in einem g\u00e4ngigen, maschinenlesbaren Format aush\u00e4ndigen zu lassen. Sofern du die direkte \u00dcbertragung der Daten an einen anderen Verantwortlichen verlangst, erfolgt dies nur, soweit es technisch machbar <\/p>\n\n\n\n<h4 class=\"wp-block-heading\">Cookies<\/h4>\n\n\n\n<p>Mein Blog verwendet so genannte Cookies. Dabei handelt es sich um kleine Textdateien, die mit Hilfe des Browsers auf deinem Endger\u00e4t abgelegt werden. Sie richten keinen Schaden an. <\/p>\n\n\n\n<p>Ich nutze Cookies dazu, unser Angebot nutzerfreundlich zu gestalten. Einige Cookies bleiben auf deinem Endger\u00e4t gespeichert, bis du diese l\u00f6schst. Sie erm\u00f6glichen es uns, Ihren Browser beim n\u00e4chsten Besuch wiederzuerkennen.<\/p>\n\n\n\n<p>Bei der Deaktivierung von Cookies kann die Funktionalit\u00e4t meines Blogs eingeschr\u00e4nkt sein.<\/p>\n\n\n\n<h4 class=\"wp-block-heading\" id=\"heading_Web_Analyse\">Web-Analyse<\/h4>\n\n\n\n<p>Mein Blog verwendet Funktionen des Webanalysedienstes Google Analytics. Der Anbieter unseres Analysedienstes ist die Google Inc., 1600 Amphitheatre Parkway, Mountain View, CA 94043, USA.&nbsp;<\/p>\n\n\n\n<p>Dazu werden Cookies verwendet, die eine Analyse der Benutzung der Website durch Ihre Benutzer erm\u00f6glicht. Die dadurch erzeugten Informationen werden auf den Server des Anbieters \u00fcbertragen und dort gespeichert.&nbsp;<\/p>\n\n\n\n<p>Sie k\u00f6nnen dies verhindern, indem Sie Ihren Browser so einrichten, dass keine Cookies gespeichert werden.&nbsp;<\/p>\n\n\n\n<p>Wir haben mit dem Anbieter einen entsprechenden Vertrag zur Auftragsdatenverarbeitung abgeschlossen.<\/p>\n\n\n\n<h4 class=\"wp-block-heading\">IP-Anonymisierung<\/h4>\n\n\n\n<p>Ich habe auf meiner Seite die Funktion IP-Anonymisierung aktiviert. Dadurch wird deine IP-Adresse von Google innerhalb der Europ\u00e4ischen Union oder in anderen Vertragsstaaten des Abkommens \u00fcber den Europ\u00e4ischen Wirtschaftsraum vor der \u00dcbermittlung in die USA gek\u00fcrzt. Nur in Ausnahmef\u00e4llen wird die volle IP-Adresse an einen Server von Google in den USA \u00fcbertragen und dort gek\u00fcrzt. Google wird diese Informationen benutzen, um deine Nutzung der Website auszuwerten und um Reports \u00fcber die Websiteaktivit\u00e4ten zusammenzustellen. Die im Rahmen von Google Analytics von deinem Browser \u00fcbermittelte IP-Adresse wird nicht mit anderen Daten von Google zusammengef\u00fchrt.<\/p>\n\n\n\n<h4 class=\"wp-block-heading\" id=\"heading_Ihre_Rechte\">Deine Rechte<\/h4>\n\n\n\n<p>Dir stehen bez\u00fcglich deiner bei uns gespeicherten Daten&nbsp;grunds\u00e4tzlich die Rechte auf Auskunft, Berichtigung, L\u00f6schung, Einschr\u00e4nkung, Daten\u00fcbertragbarkeit, Widerruf und Widerspruch zu. Wenn du glaubst, dass die Verarbeitung deiner Daten gegen das Datenschutzrecht verst\u00f6\u00dft oder deine datenschutzrechtlichen Anspr\u00fcche sonst in einer Weise verletzt worden sind, kannst du dich via Kontaktformular bei mir melden oder dich bei der Datenschutzbeh\u00f6rde beschweren.<\/p>\n\n\n\n<p><br><\/p>\n","protected":false},"excerpt":{"rendered":"<p>Vielen Dank f\u00fcr dein Interesse am Thema Datenschutz. Als Schreiberin dieses Blogs nehmen ich, Collectin \u2013 Christina Breitegger, den Schutz deiner Daten \u00e4u\u00dferst ernst. Nachfolgend m\u00f6chten ich dich dar\u00fcber informieren, was mit deinen personenbezogenen Daten passiert, wenn du meinen Blog besuchst. Personenbezogene Daten sind alle Daten, mit denen du pers\u00f6nlich identifiziert werden kannst. In unserer Datenschutzerkl\u00e4rung findest du ausf\u00fchrliche Informationen zu diesem Thema. 1. Datenschutz im \u00dcberblick Datenerfassung auf meinem Blog Wer ist verantwortlich f\u00fcr die Datenerfassung auf diesem Blog? Die Datenverarbeitung auf dieser Website erfolgt durch mich Christina Breitegger. Meine Kontaktdaten findest du im Impressum meines Blogs. Wie&hellip;<\/p>\n","protected":false},"author":2,"featured_media":0,"parent":0,"menu_order":0,"comment_status":"closed","ping_status":"closed","template":"","meta":{"wprm-recipe-roundup-name":"","wprm-recipe-roundup-description":"","_exactmetrics_skip_tracking":false,"_exactmetrics_sitenote_active":false,"_exactmetrics_sitenote_note":"","_exactmetrics_sitenote_category":0,"footnotes":""},"class_list":["post-262","page","type-page","status-publish","hentry"],"translation":{"provider":"WPGlobus","version":"3.0.2","language":"en","enabled_languages":["de","en"],"languages":{"de":{"title":true,"content":true,"excerpt":false},"en":{"title":false,"content":false,"excerpt":false}}},"yoast_head":"<!-- This site is optimized with the Yoast SEO plugin v27.3 - https:\/\/yoast.com\/product\/yoast-seo-wordpress\/ -->\n<title>Datenschutz | Collectin<\/title>\n<meta name=\"robots\" content=\"index, follow, max-snippet:-1, max-image-preview:large, max-video-preview:-1\" \/>\n<link rel=\"canonical\" href=\"https:\/\/collectin.at\/en\/datenschutz\/\" \/>\n<meta property=\"og:locale\" content=\"en_US\" \/>\n<meta property=\"og:type\" content=\"article\" \/>\n<meta property=\"og:title\" content=\"Datenschutz | Collectin\" \/>\n<meta property=\"og:url\" content=\"https:\/\/collectin.at\/en\/datenschutz\/\" \/>\n<meta property=\"og:site_name\" content=\"Collectin\" \/>\n<meta property=\"article:publisher\" content=\"https:\/\/www.facebook.com\/CollectinAT\/?ref=bookmarks\" \/>\n<meta property=\"article:modified_time\" content=\"2019-05-29T11:11:28+00:00\" \/>\n<meta property=\"og:image\" content=\"https:\/\/collectin.at\/wp-content\/uploads\/2017\/05\/collectin_logo_rgb_white.png\" \/>\n\t<meta property=\"og:image:width\" content=\"3014\" \/>\n\t<meta property=\"og:image:height\" content=\"1641\" \/>\n\t<meta property=\"og:image:type\" content=\"image\/png\" \/>\n<meta name=\"twitter:card\" content=\"summary_large_image\" \/>\n<meta name=\"twitter:site\" content=\"@collectinAT\" \/>\n<meta name=\"twitter:label1\" content=\"Gesch\u00e4tzte Lesezeit\" \/>\n\t<meta name=\"twitter:data1\" content=\"5 minutes\" \/>\n<script type=\"application\/ld+json\" class=\"yoast-schema-graph\">{\"@context\":\"https:\\\/\\\/schema.org\",\"@graph\":[{\"@type\":\"WebPage\",\"@id\":\"https:\\\/\\\/collectin.at\\\/en\\\/datenschutz\\\/\",\"url\":\"https:\\\/\\\/collectin.at\\\/en\\\/datenschutz\\\/\",\"name\":\"Datenschutz | Collectin\",\"isPartOf\":{\"@id\":\"https:\\\/\\\/collectin.at\\\/#website\"},\"datePublished\":\"2019-05-29T11:10:19+00:00\",\"dateModified\":\"2019-05-29T11:11:28+00:00\",\"breadcrumb\":{\"@id\":\"https:\\\/\\\/collectin.at\\\/en\\\/datenschutz\\\/#breadcrumb\"},\"inLanguage\":\"en-US\",\"potentialAction\":[{\"@type\":\"ReadAction\",\"target\":[\"https:\\\/\\\/collectin.at\\\/en\\\/datenschutz\\\/\"]}]},{\"@type\":\"BreadcrumbList\",\"@id\":\"https:\\\/\\\/collectin.at\\\/en\\\/datenschutz\\\/#breadcrumb\",\"itemListElement\":[{\"@type\":\"ListItem\",\"position\":1,\"name\":\"Home\",\"item\":\"https:\\\/\\\/collectin.at\\\/\"},{\"@type\":\"ListItem\",\"position\":2,\"name\":\"Datenschutz\"}]},{\"@type\":\"WebSite\",\"@id\":\"https:\\\/\\\/collectin.at\\\/#website\",\"url\":\"https:\\\/\\\/collectin.at\\\/\",\"name\":\"Collectin\",\"description\":\"\",\"publisher\":{\"@id\":\"https:\\\/\\\/collectin.at\\\/#organization\"},\"potentialAction\":[{\"@type\":\"SearchAction\",\"target\":{\"@type\":\"EntryPoint\",\"urlTemplate\":\"https:\\\/\\\/collectin.at\\\/?s={search_term_string}\"},\"query-input\":{\"@type\":\"PropertyValueSpecification\",\"valueRequired\":true,\"valueName\":\"search_term_string\"}}],\"inLanguage\":\"en-US\"},{\"@type\":\"Organization\",\"@id\":\"https:\\\/\\\/collectin.at\\\/#organization\",\"name\":\"Collectin\",\"url\":\"https:\\\/\\\/collectin.at\\\/\",\"logo\":{\"@type\":\"ImageObject\",\"inLanguage\":\"en-US\",\"@id\":\"https:\\\/\\\/collectin.at\\\/#\\\/schema\\\/logo\\\/image\\\/\",\"url\":\"https:\\\/\\\/collectin.at\\\/wp-content\\\/uploads\\\/2017\\\/04\\\/collectin_logo_text_only2.png\",\"contentUrl\":\"https:\\\/\\\/collectin.at\\\/wp-content\\\/uploads\\\/2017\\\/04\\\/collectin_logo_text_only2.png\",\"width\":324,\"height\":134,\"caption\":\"Collectin\"},\"image\":{\"@id\":\"https:\\\/\\\/collectin.at\\\/#\\\/schema\\\/logo\\\/image\\\/\"},\"sameAs\":[\"https:\\\/\\\/www.facebook.com\\\/CollectinAT\\\/?ref=bookmarks\",\"https:\\\/\\\/x.com\\\/collectinAT\",\"https:\\\/\\\/www.instagram.com\\\/collectin_\\\/\",\"https:\\\/\\\/www.pinterest.at\\\/collectin_\\\/\"]}]}<\/script>\n<!-- \/ Yoast SEO plugin. -->","yoast_head_json":{"title":"Datenschutz | Collectin","robots":{"index":"index","follow":"follow","max-snippet":"max-snippet:-1","max-image-preview":"max-image-preview:large","max-video-preview":"max-video-preview:-1"},"canonical":"https:\/\/collectin.at\/en\/datenschutz\/","og_locale":"en_US","og_type":"article","og_title":"Datenschutz | Collectin","og_url":"https:\/\/collectin.at\/en\/datenschutz\/","og_site_name":"Collectin","article_publisher":"https:\/\/www.facebook.com\/CollectinAT\/?ref=bookmarks","article_modified_time":"2019-05-29T11:11:28+00:00","og_image":[{"width":3014,"height":1641,"url":"https:\/\/collectin.at\/wp-content\/uploads\/2017\/05\/collectin_logo_rgb_white.png","type":"image\/png"}],"twitter_card":"summary_large_image","twitter_site":"@collectinAT","twitter_misc":{"Gesch\u00e4tzte Lesezeit":"5 minutes"},"schema":{"@context":"https:\/\/schema.org","@graph":[{"@type":"WebPage","@id":"https:\/\/collectin.at\/en\/datenschutz\/","url":"https:\/\/collectin.at\/en\/datenschutz\/","name":"Datenschutz | Collectin","isPartOf":{"@id":"https:\/\/collectin.at\/#website"},"datePublished":"2019-05-29T11:10:19+00:00","dateModified":"2019-05-29T11:11:28+00:00","breadcrumb":{"@id":"https:\/\/collectin.at\/en\/datenschutz\/#breadcrumb"},"inLanguage":"en-US","potentialAction":[{"@type":"ReadAction","target":["https:\/\/collectin.at\/en\/datenschutz\/"]}]},{"@type":"BreadcrumbList","@id":"https:\/\/collectin.at\/en\/datenschutz\/#breadcrumb","itemListElement":[{"@type":"ListItem","position":1,"name":"Home","item":"https:\/\/collectin.at\/"},{"@type":"ListItem","position":2,"name":"Datenschutz"}]},{"@type":"WebSite","@id":"https:\/\/collectin.at\/#website","url":"https:\/\/collectin.at\/","name":"Collectin","description":"","publisher":{"@id":"https:\/\/collectin.at\/#organization"},"potentialAction":[{"@type":"SearchAction","target":{"@type":"EntryPoint","urlTemplate":"https:\/\/collectin.at\/?s={search_term_string}"},"query-input":{"@type":"PropertyValueSpecification","valueRequired":true,"valueName":"search_term_string"}}],"inLanguage":"en-US"},{"@type":"Organization","@id":"https:\/\/collectin.at\/#organization","name":"Collectin","url":"https:\/\/collectin.at\/","logo":{"@type":"ImageObject","inLanguage":"en-US","@id":"https:\/\/collectin.at\/#\/schema\/logo\/image\/","url":"https:\/\/collectin.at\/wp-content\/uploads\/2017\/04\/collectin_logo_text_only2.png","contentUrl":"https:\/\/collectin.at\/wp-content\/uploads\/2017\/04\/collectin_logo_text_only2.png","width":324,"height":134,"caption":"Collectin"},"image":{"@id":"https:\/\/collectin.at\/#\/schema\/logo\/image\/"},"sameAs":["https:\/\/www.facebook.com\/CollectinAT\/?ref=bookmarks","https:\/\/x.com\/collectinAT","https:\/\/www.instagram.com\/collectin_\/","https:\/\/www.pinterest.at\/collectin_\/"]}]}},"_links":{"self":[{"href":"https:\/\/collectin.at\/en\/wp-json\/wp\/v2\/pages\/262","targetHints":{"allow":["GET"]}}],"collection":[{"href":"https:\/\/collectin.at\/en\/wp-json\/wp\/v2\/pages"}],"about":[{"href":"https:\/\/collectin.at\/en\/wp-json\/wp\/v2\/types\/page"}],"author":[{"embeddable":true,"href":"https:\/\/collectin.at\/en\/wp-json\/wp\/v2\/users\/2"}],"replies":[{"embeddable":true,"href":"https:\/\/collectin.at\/en\/wp-json\/wp\/v2\/comments?post=262"}],"version-history":[{"count":4,"href":"https:\/\/collectin.at\/en\/wp-json\/wp\/v2\/pages\/262\/revisions"}],"predecessor-version":[{"id":271,"href":"https:\/\/collectin.at\/en\/wp-json\/wp\/v2\/pages\/262\/revisions\/271"}],"wp:attachment":[{"href":"https:\/\/collectin.at\/en\/wp-json\/wp\/v2\/media?parent=262"}],"curies":[{"name":"wp","href":"https:\/\/api.w.org\/{rel}","templated":true}]}}